{"id":11372,"date":"2022-05-21T01:13:04","date_gmt":"2022-05-20T16:13:04","guid":{"rendered":"https:\/\/mexicoct.com\/?page_id=11372"},"modified":"2023-07-26T06:17:53","modified_gmt":"2023-07-25T21:17:53","slug":"mexicocancun","status":"publish","type":"page","link":"https:\/\/mexicoct.com\/en\/tours\/mexicocancun\/","title":{"rendered":"Mexico City \u21d4 Canc\u00fan: Overland Journey &#8211; Approximately 6 Days\u203b"},"content":{"rendered":"<h2 style=\"text-align: center;\"><strong>Traveling to Canc\u00fan by land will make it an unforgettable journey<\/strong><\/h2>\n<p><img decoding=\"async\" class=\"wp-image-6083 aligncenter\" src=\"https:\/\/mexicoct.com\/new\/wp-content\/uploads\/2021\/02\/Cancun-300x154.jpg\" alt=\"\u767d\u3044\u7802\u6d5c\u3068\u9752\u3044\u6d77\" width=\"764\" height=\"392\" srcset=\"https:\/\/mexicoct.com\/en\/wp-content\/uploads\/2021\/02\/Cancun-300x154.jpg 300w, https:\/\/mexicoct.com\/en\/wp-content\/uploads\/2021\/02\/Cancun-1024x525.jpg 1024w, https:\/\/mexicoct.com\/en\/wp-content\/uploads\/2021\/02\/Cancun-768x394.jpg 768w, https:\/\/mexicoct.com\/en\/wp-content\/uploads\/2021\/02\/Cancun.jpg 1226w\" sizes=\"(max-width: 764px) 100vw, 764px\" \/><\/p>\n<p style=\"text-align: center;\"><span style=\"color: #0000ff;\">&#x1f446;<span style=\"color: #000080;\">Cancun beach<\/span><\/span><\/p>\n<h3><strong>The Charm of Overland Travel<\/strong><\/h3>\n<p>The allure of Mexico extends beyond its well-known tourist destinations. It is in the lesser-known, local places where you can truly witness the &#8220;true face of Mexico.&#8221; The journey between Mexico City and Canc\u00fan spans 1600 kilometers, encompassing traces of the Aztec civilization in the Mexica Empire, the Teotihuacan ruins, Veracruz, the first European settlement in the Americas, the rich heritage of Oaxaca dating back over 3000 years, the ancient Olmec civilization, the birthplace of cocoa, various Mayan city ruins from the Mayan era, the grand nature of the Mayan region, and the unforgettable nature of Mexico itself. These are all treasures that are worth exploring on land rather than flying over by plane.<\/p>\n<p>As time permits, embarking on this grand adventure while visiting places that embody the essence of Mexico, and ultimately reaching the final destinations of Canc\u00fan or Mexico City, is a journey like no other.<\/p>\n<p>&nbsp;<\/p>\n<h3>Examples of Visitable Tourist Destinations<\/h3>\n<p><strong>We offer trips departing from either Mexico City or Canc\u00fan.<\/strong><\/p>\n<p>From Mexico City: Visit the heart of Mexico City, the Teotihuacan ruins, Cholula &amp; Puebla city, Iztaccihuatl mountain hiking, C\u00f3rdoba, and Veracruz with its surroundings, including cigar factories.<\/p>\n<p>From Canc\u00fan: Pass through Veracruz (Veracruz city and its surroundings, cigar factories), Oaxaca (Cacti Valley, the village of Guacamaya, Oaxaca city, and its surroundings), the Olmec region, the cacao plantation, Palenque ruins, Bonampak ruins, Yaxchil\u00e1n ruins, the Lacand\u00f3n forest, Calakmul ruins and the jungle, and Chetumal (Bec\u00e1n ruins, Rio Bec ruins, Kohunlich ruins, and other Mayan ruins, Bacalar, Sian Ka&#8217;an Biosphere Reserve, Tulum ruins, Coba ruins, Ek Balam ruins).<\/p>\n<p>Through M\u00e9rida: Pass through Izamal ruins, Uxmal ruins, Mayapan ruins, Xibilchalt\u00fan ruins, Chichen Itza ruins, Campeche city, Man\u00ed, M\u00e9rida city, local cenotes, and sample Yucat\u00e1n&#8217;s specialty cuisine, Pink Lake, and more.<\/p>\n<p style=\"text-align: center;\"><strong>Route Example 1: Via Veracruz and M\u00e9rida<\/strong><\/p>\n<p style=\"text-align: center;\"><img decoding=\"async\" class=\"alignnone wp-image-11374\" src=\"https:\/\/mexicoct.com\/new\/wp-content\/uploads\/2022\/05\/Mexico-Cancun-1-300x159.jpg\" alt=\"\" width=\"759\" height=\"402\" srcset=\"https:\/\/mexicoct.com\/en\/wp-content\/uploads\/2022\/05\/Mexico-Cancun-1-300x159.jpg 300w, https:\/\/mexicoct.com\/en\/wp-content\/uploads\/2022\/05\/Mexico-Cancun-1-1024x542.jpg 1024w, https:\/\/mexicoct.com\/en\/wp-content\/uploads\/2022\/05\/Mexico-Cancun-1-768x407.jpg 768w, https:\/\/mexicoct.com\/en\/wp-content\/uploads\/2022\/05\/Mexico-Cancun-1.jpg 1269w\" sizes=\"(max-width: 759px) 100vw, 759px\" \/><\/p>\n<p style=\"text-align: center;\"><strong>Route Example 2: Traveling from Oaxaca to Chetumal via Chetumal<\/strong><\/p>\n<p><img decoding=\"async\" class=\"alignnone wp-image-11373 aligncenter\" src=\"https:\/\/mexicoct.com\/new\/wp-content\/uploads\/2022\/05\/Mexico-Cancun-2-300x176.jpg\" alt=\"\" width=\"757\" height=\"444\" srcset=\"https:\/\/mexicoct.com\/en\/wp-content\/uploads\/2022\/05\/Mexico-Cancun-2-300x176.jpg 300w, https:\/\/mexicoct.com\/en\/wp-content\/uploads\/2022\/05\/Mexico-Cancun-2-1024x599.jpg 1024w, https:\/\/mexicoct.com\/en\/wp-content\/uploads\/2022\/05\/Mexico-Cancun-2-768x449.jpg 768w, https:\/\/mexicoct.com\/en\/wp-content\/uploads\/2022\/05\/Mexico-Cancun-2.jpg 1229w\" sizes=\"(max-width: 757px) 100vw, 757px\" \/><\/p>\n<p>&nbsp;<\/p>\n<h3><strong>Tour Duration\u203b<\/strong><\/h3>\n<p>The tour route can be adjusted based on your preferences and available time, but we recommend around 6 days as a guideline. Of course, it is possible to have a shorter tour, but it may be more rushed in such cases.<\/p>\n<p>&nbsp;<\/p>\n<h3><strong>Photo Gallery<\/strong><\/h3>\n<h4><strong>Numerous ruins to experience Mesomerica<\/strong><\/h4>\n<div class=\"su-row\">\n<div class=\"su-column su-column-size-1-2\"><div class=\"su-column-inner su-u-clearfix su-u-trim\">\n<p><img decoding=\"async\" class=\"alignnone wp-image-9243\" src=\"https:\/\/mexicoct.com\/new\/wp-content\/uploads\/2021\/11\/IMG_20211124_105815615-300x169.jpg\" alt=\"\u30e1\u30ad\u30b7\u30b3,\u89b3\u5149,\u30c4\u30a2\u30fc,\u30ac\u30a4\u30c9,\u907a\u8de1,\u30e2\u30f3\u30c6\u30a2\u30eb\u30d0\u30f3,\u30aa\u30a2\u30cf\u30ab\" width=\"1369\" height=\"771\" srcset=\"https:\/\/mexicoct.com\/en\/wp-content\/uploads\/2021\/11\/IMG_20211124_105815615-300x169.jpg 300w, https:\/\/mexicoct.com\/en\/wp-content\/uploads\/2021\/11\/IMG_20211124_105815615-1024x576.jpg 1024w, https:\/\/mexicoct.com\/en\/wp-content\/uploads\/2021\/11\/IMG_20211124_105815615-768x432.jpg 768w, https:\/\/mexicoct.com\/en\/wp-content\/uploads\/2021\/11\/IMG_20211124_105815615-1536x864.jpg 1536w, https:\/\/mexicoct.com\/en\/wp-content\/uploads\/2021\/11\/IMG_20211124_105815615-320x180.jpg 320w, https:\/\/mexicoct.com\/en\/wp-content\/uploads\/2021\/11\/IMG_20211124_105815615.jpg 1920w\" sizes=\"(max-width: 1369px) 100vw, 1369px\" \/><\/p>\n<\/div><\/div>\n<div class=\"su-column su-column-size-1-2\"><div class=\"su-column-inner su-u-clearfix su-u-trim\">\n<p><img decoding=\"async\" class=\"alignnone wp-image-10407\" src=\"https:\/\/mexicoct.com\/new\/wp-content\/uploads\/2022\/02\/IMG_20211022_082558744_HDR-300x169.jpg\" alt=\"\u30e1\u30ad\u30b7\u30b3\u306e\u30de\u30e4\u907a\u8de1\u30c1\u30c1\u30a7\u30f3\u30a4\u30c3\u30c4\u30a1\u907a\u8de1\u306e\u30a8\u30eb\u30ab\u30b9\u30c6\u30a3\u30b8\u30e7\" width=\"1367\" height=\"770\" srcset=\"https:\/\/mexicoct.com\/en\/wp-content\/uploads\/2022\/02\/IMG_20211022_082558744_HDR-300x169.jpg 300w, https:\/\/mexicoct.com\/en\/wp-content\/uploads\/2022\/02\/IMG_20211022_082558744_HDR-1024x576.jpg 1024w, https:\/\/mexicoct.com\/en\/wp-content\/uploads\/2022\/02\/IMG_20211022_082558744_HDR-768x432.jpg 768w, https:\/\/mexicoct.com\/en\/wp-content\/uploads\/2022\/02\/IMG_20211022_082558744_HDR-1536x864.jpg 1536w, https:\/\/mexicoct.com\/en\/wp-content\/uploads\/2022\/02\/IMG_20211022_082558744_HDR-320x180.jpg 320w, https:\/\/mexicoct.com\/en\/wp-content\/uploads\/2022\/02\/IMG_20211022_082558744_HDR.jpg 1920w\" sizes=\"(max-width: 1367px) 100vw, 1367px\" \/><\/p>\n<\/div><\/div>\n<\/div>\n<h4><strong>During a Mayan jungle tour, you can encounter valuable flora and fauna<\/strong><\/h4>\n<div class=\"su-row\">\n<div class=\"su-column su-column-size-1-2\"><div class=\"su-column-inner su-u-clearfix su-u-trim\">\n<p><img decoding=\"async\" class=\"alignnone wp-image-10398\" src=\"https:\/\/mexicoct.com\/new\/wp-content\/uploads\/2022\/02\/IMG_20211127_072421019-300x169.jpg\" alt=\"\u30e1\u30ad\u30b7\u30b3\u306e\u89b3\u5149\u30ac\u30a4\u30c9\u5ca9\ufa11\u529f\u304c\u30ab\u30e9\u30af\u30e0\u30eb\u306e\u30b8\u30e3\u30f3\u30b0\u30eb\u3067\u30ac\u30a4\u30c9\u3092\u3057\u3066\u3044\u308b\" width=\"1370\" height=\"772\" srcset=\"https:\/\/mexicoct.com\/en\/wp-content\/uploads\/2022\/02\/IMG_20211127_072421019-300x169.jpg 300w, https:\/\/mexicoct.com\/en\/wp-content\/uploads\/2022\/02\/IMG_20211127_072421019-1024x576.jpg 1024w, https:\/\/mexicoct.com\/en\/wp-content\/uploads\/2022\/02\/IMG_20211127_072421019-768x432.jpg 768w, https:\/\/mexicoct.com\/en\/wp-content\/uploads\/2022\/02\/IMG_20211127_072421019-1536x864.jpg 1536w, https:\/\/mexicoct.com\/en\/wp-content\/uploads\/2022\/02\/IMG_20211127_072421019-320x180.jpg 320w, https:\/\/mexicoct.com\/en\/wp-content\/uploads\/2022\/02\/IMG_20211127_072421019.jpg 1920w\" sizes=\"(max-width: 1370px) 100vw, 1370px\" \/><\/p>\n<\/div><\/div>\n<div class=\"su-column su-column-size-1-2\"><div class=\"su-column-inner su-u-clearfix su-u-trim\">\n<p><img decoding=\"async\" class=\"alignnone wp-image-10210\" src=\"https:\/\/mexicoct.com\/new\/wp-content\/uploads\/2022\/01\/IMG_20220105_094344981-300x169.jpg\" alt=\"\u30e1\u30ad\u30b7\u30b3\u306e\u30c1\u30a2\u30d1\u30b9\u5dde\u30e9\u30ab\u30f3\u30c9\u30f3\u306e\u30b8\u30e3\u30f3\u30b0\u30eb\u306b\u3042\u308b\u907a\u8de1\" width=\"1367\" height=\"770\" srcset=\"https:\/\/mexicoct.com\/en\/wp-content\/uploads\/2022\/01\/IMG_20220105_094344981-300x169.jpg 300w, https:\/\/mexicoct.com\/en\/wp-content\/uploads\/2022\/01\/IMG_20220105_094344981-1024x576.jpg 1024w, https:\/\/mexicoct.com\/en\/wp-content\/uploads\/2022\/01\/IMG_20220105_094344981-768x432.jpg 768w, https:\/\/mexicoct.com\/en\/wp-content\/uploads\/2022\/01\/IMG_20220105_094344981-1536x864.jpg 1536w, https:\/\/mexicoct.com\/en\/wp-content\/uploads\/2022\/01\/IMG_20220105_094344981-320x180.jpg 320w, https:\/\/mexicoct.com\/en\/wp-content\/uploads\/2022\/01\/IMG_20220105_094344981.jpg 1920w\" sizes=\"(max-width: 1367px) 100vw, 1367px\" \/><\/p>\n<\/div><\/div>\n<\/div>\n<h4><strong>Let&#8217;s explore the roots of local products in each region<\/strong><\/h4>\n<div class=\"su-row\">\n<div class=\"su-column su-column-size-1-2\"><div class=\"su-column-inner su-u-clearfix su-u-trim\">\n<p><img decoding=\"async\" class=\"alignnone wp-image-11239\" src=\"https:\/\/mexicoct.com\/new\/wp-content\/uploads\/2022\/04\/Pulque-Apr2022-300x168.jpg\" alt=\"\" width=\"1366\" height=\"765\" srcset=\"https:\/\/mexicoct.com\/en\/wp-content\/uploads\/2022\/04\/Pulque-Apr2022-300x168.jpg 300w, https:\/\/mexicoct.com\/en\/wp-content\/uploads\/2022\/04\/Pulque-Apr2022-320x180.jpg 320w, https:\/\/mexicoct.com\/en\/wp-content\/uploads\/2022\/04\/Pulque-Apr2022.jpg 682w\" sizes=\"(max-width: 1366px) 100vw, 1366px\" \/><\/p>\n<\/div><\/div>\n<div class=\"su-column su-column-size-1-2\"><div class=\"su-column-inner su-u-clearfix su-u-trim\">\n<p><img decoding=\"async\" class=\"alignnone wp-image-9131\" src=\"https:\/\/mexicoct.com\/new\/wp-content\/uploads\/2021\/11\/IMG_20211102_171027865-300x169.jpg\" alt=\"\u30e1\u30ad\u30b7\u30b3,\u89b3\u5149,\u30c4\u30a2\u30fc,\u30ac\u30a4\u30c9,\u30e1\u30ad\u30b7\u30ab\u30f3\u30e9\u30b0,\u30aa\u30a2\u30cf\u30ab\" width=\"1367\" height=\"770\" srcset=\"https:\/\/mexicoct.com\/en\/wp-content\/uploads\/2021\/11\/IMG_20211102_171027865-300x169.jpg 300w, https:\/\/mexicoct.com\/en\/wp-content\/uploads\/2021\/11\/IMG_20211102_171027865-1024x576.jpg 1024w, https:\/\/mexicoct.com\/en\/wp-content\/uploads\/2021\/11\/IMG_20211102_171027865-768x432.jpg 768w, https:\/\/mexicoct.com\/en\/wp-content\/uploads\/2021\/11\/IMG_20211102_171027865-1536x864.jpg 1536w, https:\/\/mexicoct.com\/en\/wp-content\/uploads\/2021\/11\/IMG_20211102_171027865-320x180.jpg 320w, https:\/\/mexicoct.com\/en\/wp-content\/uploads\/2021\/11\/IMG_20211102_171027865.jpg 1920w\" sizes=\"(max-width: 1367px) 100vw, 1367px\" \/><\/p>\n<\/div><\/div>\n<\/div>\n<h4><strong>Don&#8217;t forget to try Mexican gourmet cuisine as well<\/strong><\/h4>\n<div class=\"su-row\">\n<div class=\"su-column su-column-size-1-2\"><div class=\"su-column-inner su-u-clearfix su-u-trim\">\n<p><img decoding=\"async\" class=\"alignnone wp-image-1068\" src=\"https:\/\/mexicoct.com\/new\/wp-content\/uploads\/2019\/02\/IMG_20190216_140543215-300x169.jpg\" alt=\"\" width=\"1367\" height=\"770\" srcset=\"https:\/\/mexicoct.com\/en\/wp-content\/uploads\/2019\/02\/IMG_20190216_140543215-300x169.jpg 300w, https:\/\/mexicoct.com\/en\/wp-content\/uploads\/2019\/02\/IMG_20190216_140543215-1024x576.jpg 1024w, https:\/\/mexicoct.com\/en\/wp-content\/uploads\/2019\/02\/IMG_20190216_140543215-768x432.jpg 768w, https:\/\/mexicoct.com\/en\/wp-content\/uploads\/2019\/02\/IMG_20190216_140543215-1536x864.jpg 1536w, https:\/\/mexicoct.com\/en\/wp-content\/uploads\/2019\/02\/IMG_20190216_140543215-2048x1152.jpg 2048w, https:\/\/mexicoct.com\/en\/wp-content\/uploads\/2019\/02\/IMG_20190216_140543215-320x180.jpg 320w\" sizes=\"(max-width: 1367px) 100vw, 1367px\" \/><\/p>\n<\/div><\/div>\n<div class=\"su-column su-column-size-1-2\"><div class=\"su-column-inner su-u-clearfix su-u-trim\">\n<p><img decoding=\"async\" class=\"alignnone wp-image-10982\" src=\"https:\/\/mexicoct.com\/new\/wp-content\/uploads\/2022\/03\/Tamal-Oaxaca-Familia-300x168.jpg\" alt=\"\" width=\"1368\" height=\"766\" srcset=\"https:\/\/mexicoct.com\/en\/wp-content\/uploads\/2022\/03\/Tamal-Oaxaca-Familia-300x168.jpg 300w, https:\/\/mexicoct.com\/en\/wp-content\/uploads\/2022\/03\/Tamal-Oaxaca-Familia-320x180.jpg 320w, https:\/\/mexicoct.com\/en\/wp-content\/uploads\/2022\/03\/Tamal-Oaxaca-Familia.jpg 682w\" sizes=\"(max-width: 1368px) 100vw, 1368px\" \/><\/p>\n<\/div><\/div>\n<\/div>\n<h4><strong>Interacting with local people is one of the joys of traveling<\/strong><\/h4>\n<div class=\"su-row\">\n<div class=\"su-column su-column-size-1-2\"><div class=\"su-column-inner su-u-clearfix su-u-trim\">\n<p><img decoding=\"async\" class=\"alignnone wp-image-9575\" src=\"https:\/\/mexicoct.com\/new\/wp-content\/uploads\/2022\/01\/WhatsApp-Image-2022-01-05-at-11.27.21-PM-300x169.jpeg\" alt=\"\" width=\"1368\" height=\"770\" srcset=\"https:\/\/mexicoct.com\/en\/wp-content\/uploads\/2022\/01\/WhatsApp-Image-2022-01-05-at-11.27.21-PM-300x169.jpeg 300w, https:\/\/mexicoct.com\/en\/wp-content\/uploads\/2022\/01\/WhatsApp-Image-2022-01-05-at-11.27.21-PM-1024x575.jpeg 1024w, https:\/\/mexicoct.com\/en\/wp-content\/uploads\/2022\/01\/WhatsApp-Image-2022-01-05-at-11.27.21-PM-768x432.jpeg 768w, https:\/\/mexicoct.com\/en\/wp-content\/uploads\/2022\/01\/WhatsApp-Image-2022-01-05-at-11.27.21-PM-1536x863.jpeg 1536w, https:\/\/mexicoct.com\/en\/wp-content\/uploads\/2022\/01\/WhatsApp-Image-2022-01-05-at-11.27.21-PM-320x180.jpeg 320w, https:\/\/mexicoct.com\/en\/wp-content\/uploads\/2022\/01\/WhatsApp-Image-2022-01-05-at-11.27.21-PM.jpeg 1600w\" sizes=\"(max-width: 1368px) 100vw, 1368px\" \/><\/p>\n<\/div><\/div>\n<div class=\"su-column su-column-size-1-2\"><div class=\"su-column-inner su-u-clearfix su-u-trim\">\n<p><img decoding=\"async\" class=\"alignnone wp-image-9583\" src=\"https:\/\/mexicoct.com\/new\/wp-content\/uploads\/2022\/01\/IMG_20220105_112137737-300x169.jpg\" alt=\"\" width=\"1365\" height=\"769\" srcset=\"https:\/\/mexicoct.com\/en\/wp-content\/uploads\/2022\/01\/IMG_20220105_112137737-300x169.jpg 300w, https:\/\/mexicoct.com\/en\/wp-content\/uploads\/2022\/01\/IMG_20220105_112137737-1024x576.jpg 1024w, https:\/\/mexicoct.com\/en\/wp-content\/uploads\/2022\/01\/IMG_20220105_112137737-768x432.jpg 768w, https:\/\/mexicoct.com\/en\/wp-content\/uploads\/2022\/01\/IMG_20220105_112137737-1536x864.jpg 1536w, https:\/\/mexicoct.com\/en\/wp-content\/uploads\/2022\/01\/IMG_20220105_112137737-320x180.jpg 320w, https:\/\/mexicoct.com\/en\/wp-content\/uploads\/2022\/01\/IMG_20220105_112137737.jpg 1920w\" sizes=\"(max-width: 1365px) 100vw, 1365px\" \/><\/p>\n<\/div><\/div>\n<\/div>\n<p>&nbsp;<\/p>\n<h3>Especially recommended for<\/h3>\n<ul>\n<li>Those who want to enhance their sense of excitement.<\/li>\n<li>Those who want to experience the true face of Mexico.<\/li>\n<li>Those who want to turn travel time into discovery time.<\/li>\n<li>Those who find regular tours to be lacking.<\/li>\n<li>Groups of female travelers.<\/li>\n<li>Those with abundant energy.<\/li>\n<li>Those who want to make their Mexico trip special.<\/li>\n<li>Those who love culture and nature.<\/li>\n<li>People of all ages who are seeking new experiences.<\/li>\n<li>Small groups celebrating special occasions (graduation trip, birthday, wedding anniversary, 60th birthday celebration, expressing gratitude to parents, etc.)<\/li>\n<\/ul>\n<div class=\"group w-full text-gray-800 dark:text-gray-100 border-b border-black\/10 dark:border-gray-900\/50 bg-gray-50 dark:bg-[#444654]\">\n<div class=\"flex p-4 gap-4 text-base md:gap-6 md:max-w-2xl lg:max-w-[38rem] xl:max-w-3xl md:py-6 lg:px-0 m-auto\">\n<div class=\"relative flex w-[calc(100%-50px)] flex-col gap-1 md:gap-3 lg:w-[calc(100%-115px)]\">\n<div class=\"flex flex-grow flex-col gap-3\">\n<div class=\"min-h-[20px] flex items-start overflow-x-auto whitespace-pre-wrap break-words flex-col gap-4\">\n<div class=\"markdown prose w-full break-words dark:prose-invert light\">\n<p>Of course, everyone else is also warmly welcome!<\/p>\n<\/div>\n<\/div>\n<\/div>\n<div class=\"flex justify-between lg:block\">\n<div class=\"text-gray-400 flex self-end lg:self-center justify-center mt-2 gap-2 md:gap-3 lg:gap-1 lg:absolute lg:top-0 lg:translate-x-full lg:right-0 lg:mt-0 lg:pl-2 visible\"><button class=\"flex ml-auto gap-2 rounded-md p-1 hover:bg-gray-100 hover:text-gray-700 dark:text-gray-400 dark:hover:bg-gray-700 dark:hover:text-gray-200 disabled:dark:hover:text-gray-400\"><\/button><\/p>\n<div class=\"flex gap-1\"><\/div>\n<\/div>\n<\/div>\n<\/div>\n<\/div>\n<\/div>\n<div class=\"su-button-center\"><a href=\"https:\/\/mexicoct.com\/new\/contact\/\" class=\"su-button su-button-style-flat su-button-wide\" style=\"color:#FFFFFF;background-color:#ce608d;border-color:#a54d71;border-radius:0px\" target=\"_self\"><span style=\"color:#FFFFFF;padding:9px 30px;font-size:22px;line-height:33px;border-color:#dd90b0;border-radius:0px;text-shadow:0px 0px 0px #000000\"><i class=\"sui sui-chevron-right\" style=\"font-size:22px;color:#FFFFFF\"><\/i> Contact Us<\/span><\/a><\/div>\n<p>&nbsp;<\/p>\n<div class=\"su-divider su-divider-style-default\" style=\"margin:20px 0;border-width:1px;border-color:#e1e1e1\"><a href=\"#\" style=\"color:#cf3425\">\u25b2Back to top<\/a><\/div>\n","protected":false},"excerpt":{"rendered":"<p>Traveling to Canc\u00fan by land will make it an unforgettable journey &#x1f446;Cancun beach The Charm of Overland  [&hellip;]<\/p>\n","protected":false},"author":3,"featured_media":6083,"parent":46,"menu_order":42,"comment_status":"closed","ping_status":"closed","template":"","meta":{"vkexunit_cta_each_option":"","footnotes":""},"class_list":["post-11372","page","type-page","status-publish","has-post-thumbnail","hentry"],"aioseo_notices":[],"_links":{"self":[{"href":"https:\/\/mexicoct.com\/en\/wp-json\/wp\/v2\/pages\/11372","targetHints":{"allow":["GET"]}}],"collection":[{"href":"https:\/\/mexicoct.com\/en\/wp-json\/wp\/v2\/pages"}],"about":[{"href":"https:\/\/mexicoct.com\/en\/wp-json\/wp\/v2\/types\/page"}],"author":[{"embeddable":true,"href":"https:\/\/mexicoct.com\/en\/wp-json\/wp\/v2\/users\/3"}],"replies":[{"embeddable":true,"href":"https:\/\/mexicoct.com\/en\/wp-json\/wp\/v2\/comments?post=11372"}],"version-history":[{"count":3,"href":"https:\/\/mexicoct.com\/en\/wp-json\/wp\/v2\/pages\/11372\/revisions"}],"predecessor-version":[{"id":16187,"href":"https:\/\/mexicoct.com\/en\/wp-json\/wp\/v2\/pages\/11372\/revisions\/16187"}],"up":[{"embeddable":true,"href":"https:\/\/mexicoct.com\/en\/wp-json\/wp\/v2\/pages\/46"}],"wp:featuredmedia":[{"embeddable":true,"href":"https:\/\/mexicoct.com\/en\/wp-json\/wp\/v2\/media\/6083"}],"wp:attachment":[{"href":"https:\/\/mexicoct.com\/en\/wp-json\/wp\/v2\/media?parent=11372"}],"curies":[{"name":"wp","href":"https:\/\/api.w.org\/{rel}","templated":true}]}}